{"id":766,"date":"2021-11-18T20:24:27","date_gmt":"2021-11-18T20:24:27","guid":{"rendered":"http:\/\/reciclandojuntos.com.ar\/?page_id=766"},"modified":"2021-11-19T21:47:15","modified_gmt":"2021-11-19T21:47:15","slug":"economia-circular-3","status":"publish","type":"page","link":"https:\/\/ciudaddecorrientes.gov.ar\/reciclandojuntos\/economia-circular-3\/","title":{"rendered":"Econom\u00eda Circular"},"content":{"rendered":"<p>[et_pb_section fb_built=\u00bb1&#8243; _builder_version=\u00bb4.11.2&#8243; _module_preset=\u00bbdefault\u00bb custom_margin=\u00bb||||false|false\u00bb custom_padding=\u00bb0px||0px||false|false\u00bb global_colors_info=\u00bb{}\u00bb][et_pb_row _builder_version=\u00bb4.11.3&#8243; _module_preset=\u00bbdefault\u00bb width_tablet=\u00bb\u00bb width_phone=\u00bb95%\u00bb width_last_edited=\u00bbon|phone\u00bb custom_padding=\u00bb0px|0px|0px|0px|false|false\u00bb saved_tabs=\u00bball\u00bb global_colors_info=\u00bb{}\u00bb global_module=\u00bb1000&#8243;][et_pb_column type=\u00bb4_4&#8243; _builder_version=\u00bb4.11.1&#8243; _module_preset=\u00bbdefault\u00bb global_colors_info=\u00bb{}\u00bb][et_pb_slider show_arrows=\u00bboff\u00bb show_pagination=\u00bboff\u00bb use_bg_overlay=\u00bboff\u00bb _builder_version=\u00bb4.11.3&#8243; _module_preset=\u00bbdefault\u00bb header_font=\u00bbRaleway|900||on|||||\u00bb header_text_align=\u00bbleft\u00bb header_font_size=\u00bb67px\u00bb body_font=\u00bbRaleway|700|||||||\u00bb body_font_size=\u00bb47px\u00bb body_line_height=\u00bb0.9em\u00bb background_enable_color=\u00bboff\u00bb module_alignment=\u00bbleft\u00bb custom_margin=\u00bb||||false|false\u00bb custom_margin_tablet=\u00bb\u00bb custom_margin_phone=\u00bb\u00bb custom_margin_last_edited=\u00bbon|phone\u00bb custom_padding=\u00bb|0px|176px||false|false\u00bb custom_padding_tablet=\u00bb\u00bb custom_padding_phone=\u00bb||75px||false|false\u00bb custom_padding_last_edited=\u00bbon|phone\u00bb header_font_size_tablet=\u00bb\u00bb header_font_size_phone=\u00bb\u00bb header_font_size_last_edited=\u00bbon|desktop\u00bb body_font_size_tablet=\u00bb\u00bb body_font_size_phone=\u00bb\u00bb body_font_size_last_edited=\u00bbon|desktop\u00bb body_line_height_tablet=\u00bb\u00bb body_line_height_phone=\u00bb\u00bb body_line_height_last_edited=\u00bbon|desktop\u00bb global_colors_info=\u00bb{}\u00bb][et_pb_slide heading=\u00bbCORRIENTES\u00bb use_bg_overlay=\u00bboff\u00bb use_text_overlay=\u00bboff\u00bb content_tablet=\u00bb\u00a1Es hora<br \/>de darle valor<br \/>a tus residuos!\u00bb content_phone=\u00bb<\/p>\n<p>\u00a1Es hora<br \/>\nde darle valor<br \/>\na tus residuos!<\/p>\n<p>\u00bb content_last_edited=\u00bbon|phone\u00bb _builder_version=\u00bb4.11.3&#8243; _module_preset=\u00bbdefault\u00bb header_level=\u00bbh2&#8243; header_font=\u00bbRaleway|900||on|||||\u00bb header_text_align=\u00bbleft\u00bb body_font=\u00bbRaleway||||||||\u00bb body_text_align=\u00bbleft\u00bb background_enable_color=\u00bboff\u00bb background_image=\u00bbhttps:\/\/ciudaddecorrientes.gov.ar\/reciclandojuntos\/wp-content\/uploads\/2021\/11\/DJI_0221_1.jpg\u00bb background_enable_image=\u00bbon\u00bb transform_scale_last_edited=\u00bboff|desktop\u00bb transform_translate_last_edited=\u00bboff|desktop\u00bb transform_rotate_last_edited=\u00bboff|desktop\u00bb transform_skew_last_edited=\u00bboff|desktop\u00bb transform_origin_last_edited=\u00bboff|desktop\u00bb transform_styles_last_edited=\u00bboff|desktop\u00bb custom_padding=\u00bb42px|||0px|false|false\u00bb custom_padding_tablet=\u00bb\u00bb custom_padding_phone=\u00bb\u00bb custom_padding_last_edited=\u00bbon|desktop\u00bb header_font_size_tablet=\u00bb\u00bb header_font_size_phone=\u00bb33px\u00bb header_font_size_last_edited=\u00bbon|phone\u00bb body_font_size_tablet=\u00bb\u00bb body_font_size_phone=\u00bb20px\u00bb body_font_size_last_edited=\u00bbon|phone\u00bb global_colors_info=\u00bb{}\u00bb sticky_transition=\u00bbon\u00bb]<\/p>\n<p>Ciudad <br \/>Sustentable<\/p>\n<p>[\/et_pb_slide][\/et_pb_slider][\/et_pb_column][\/et_pb_row][\/et_pb_section][et_pb_section fb_built=\u00bb1&#8243; _builder_version=\u00bb4.11.2&#8243; _module_preset=\u00bbdefault\u00bb custom_padding=\u00bb0px|||||\u00bb global_colors_info=\u00bb{}\u00bb][et_pb_row _builder_version=\u00bb4.11.3&#8243; _module_preset=\u00bbdefault\u00bb width_tablet=\u00bb\u00bb width_phone=\u00bb95%\u00bb width_last_edited=\u00bbon|phone\u00bb custom_padding=\u00bb0px|||||\u00bb global_colors_info=\u00bb{}\u00bb][et_pb_column type=\u00bb4_4&#8243; _builder_version=\u00bb4.11.2&#8243; _module_preset=\u00bbdefault\u00bb global_colors_info=\u00bb{}\u00bb][et_pb_text content_tablet=\u00bb<\/p>\n<h2>Econom\u00eda Circular<\/h2>\n<p>\u00bb content_phone=\u00bb<\/p>\n<h2>Econom\u00eda Circular<\/h2>\n<p>\u00bb content_last_edited=\u00bbon|phone\u00bb admin_label=\u00bbEconom\u00eda Circular\u00bb module_id=\u00bbeconomiacircular\u00bb _builder_version=\u00bb4.11.3&#8243; _module_preset=\u00bbdefault\u00bb text_font=\u00bbRaleway||||||||\u00bb text_text_color=\u00bb#FFFFFF\u00bb text_font_size=\u00bb24px\u00bb header_text_color=\u00bb#FFFFFF\u00bb header_font_size=\u00bb1px\u00bb header_2_font=\u00bbRaleway|600||on|||||\u00bb header_2_text_color=\u00bb#FFFFFF\u00bb header_2_font_size=\u00bb1px\u00bb custom_margin=\u00bb||0px||false|false\u00bb text_font_size_tablet=\u00bb\u00bb text_font_size_phone=\u00bb\u00bb text_font_size_last_edited=\u00bbon|desktop\u00bb global_colors_info=\u00bb{}\u00bb]<\/p>\n<h1>Econom\u00eda Circular<\/h1>\n<p>[\/et_pb_text][et_pb_image src=\u00bbhttps:\/\/ciudaddecorrientes.gov.ar\/reciclandojuntos\/wp-content\/uploads\/2021\/11\/separador-economia-circular-web.png\u00bb title_text=\u00bbseparador economia circular web\u00bb _builder_version=\u00bb4.11.3&#8243; _module_preset=\u00bbdefault\u00bb global_colors_info=\u00bb{}\u00bb][\/et_pb_image][\/et_pb_column][\/et_pb_row][et_pb_row _builder_version=\u00bb4.11.2&#8243; _module_preset=\u00bbdefault\u00bb custom_padding=\u00bb0px||2px|||\u00bb global_colors_info=\u00bb{}\u00bb][et_pb_column type=\u00bb4_4&#8243; _builder_version=\u00bb4.11.2&#8243; _module_preset=\u00bbdefault\u00bb global_colors_info=\u00bb{}\u00bb][et_pb_text content_tablet=\u00bb<\/p>\n<div style=%22float: left;%22>\n<p><img style=%22vertical-align: middle;%22 src=%22https:\/\/ciudaddecorrientes.gov.ar\/reciclandojuntos\/wp-content\/uploads\/2021\/10\/Vineta-reciclando.png%22 alt=%22%22 class=%22wp-image-394 alignnone size-full%22 width=%2240%22 \/>\u00bfQu\u00e9 podemos hacer por nuestra ciudad?<\/p>\n<\/div>\n<p>\u00bb content_phone=\u00bb<\/p>\n<div style=%22float: left;%22>\n<p><img style=%22vertical-align: middle;%22 src=%22https:\/\/ciudaddecorrientes.gov.ar\/reciclandojuntos\/wp-content\/uploads\/2021\/10\/Vineta-reciclando.png%22 alt=%22%22 class=%22wp-image-394 alignnone size-full%22 width=%2240%22 \/>\u00bfQu\u00e9 podemos hacer por nuestra ciudad?<\/p>\n<\/div>\n<p>\u00bb content_last_edited=\u00bbon|phone\u00bb admin_label=\u00bbsub\u00bb _builder_version=\u00bb4.11.2&#8243; _module_preset=\u00bbdefault\u00bb text_font=\u00bbRaleway||||||||\u00bb text_font_size=\u00bb24px\u00bb text_font_size_tablet=\u00bb\u00bb text_font_size_phone=\u00bb\u00bb text_font_size_last_edited=\u00bbon|desktop\u00bb global_colors_info=\u00bb{}\u00bb]<\/p>\n<div style=\"float: left;\">\n<p><img decoding=\"async\" style=\"vertical-align: middle;\" src=\"https:\/\/ciudaddecorrientes.gov.ar\/reciclandojuntos\/wp-content\/uploads\/2021\/10\/Vineta-reciclando.png\" alt=\"\" class=\"wp-image-394 alignnone size-full\" width=\"40\" \/>\u00bfQu\u00e9 podemos hacer por nuestra ciudad?<\/p>\n<\/div>\n<p>[\/et_pb_text][\/et_pb_column][\/et_pb_row][et_pb_row column_structure=\u00bb1_4,1_4,1_4,1_4&#8243; _builder_version=\u00bb4.11.2&#8243; _module_preset=\u00bbdefault\u00bb custom_padding=\u00bb0px|||||\u00bb global_colors_info=\u00bb{}\u00bb][et_pb_column type=\u00bb1_4&#8243; _builder_version=\u00bb4.11.2&#8243; _module_preset=\u00bbdefault\u00bb global_colors_info=\u00bb{}\u00bb][et_pb_image src=\u00bbhttps:\/\/ciudaddecorrientes.gov.ar\/reciclandojuntos\/wp-content\/uploads\/2021\/11\/1.png\u00bb alt=\u00bbRechazar\u00bb title_text=\u00bbRechazar\u00bb _builder_version=\u00bb4.11.3&#8243; _module_preset=\u00bbdefault\u00bb animation_style=\u00bbroll\u00bb global_colors_info=\u00bb{}\u00bb][\/et_pb_image][et_pb_text _builder_version=\u00bb4.11.3&#8243; _module_preset=\u00bbdefault\u00bb text_font=\u00bb||on||||||\u00bb text_text_color=\u00bb#FFFFFF\u00bb text_font_size=\u00bb10px\u00bb text_line_height=\u00bb1.6em\u00bb background_color=\u00bb#ec1c24&#8243; text_orientation=\u00bbcenter\u00bb custom_padding=\u00bb|19px||19px|false|false\u00bb animation_style=\u00bbfade\u00bb text_font_size_tablet=\u00bb\u00bb text_font_size_phone=\u00bb14px\u00bb text_font_size_last_edited=\u00bbon|phone\u00bb border_radii=\u00bbon|4px|4px|4px|4px\u00bb border_width_all=\u00bb3px\u00bb border_color_all=\u00bb#ec1c24&#8243; global_colors_info=\u00bb{}\u00bb]<\/p>\n<p>&nbsp;<\/p>\n<p>Evitar la compra de productos innecesarios o con envoltorios pl\u00e1sticos descartables. La intenci\u00f3n es <strong>RECHAZAR<\/strong> su uso y sustituirlos por otros, m\u00e1s respetuosos con el ambiente.<\/p>\n<p>&nbsp;<\/p>\n<p>[\/et_pb_text][\/et_pb_column][et_pb_column type=\u00bb1_4&#8243; _builder_version=\u00bb4.11.2&#8243; _module_preset=\u00bbdefault\u00bb global_colors_info=\u00bb{}\u00bb][et_pb_image src=\u00bbhttps:\/\/ciudaddecorrientes.gov.ar\/reciclandojuntos\/wp-content\/uploads\/2021\/11\/Reducir.png\u00bb title_text=\u00bbReducir\u00bb _builder_version=\u00bb4.11.3&#8243; _module_preset=\u00bbdefault\u00bb animation_style=\u00bbroll\u00bb global_colors_info=\u00bb{}\u00bb][\/et_pb_image][et_pb_text _builder_version=\u00bb4.11.3&#8243; _module_preset=\u00bbdefault\u00bb text_font=\u00bb||on||||||\u00bb text_text_color=\u00bb#FFFFFF\u00bb text_font_size=\u00bb10px\u00bb text_line_height=\u00bb1.6em\u00bb background_color=\u00bb#de6f2d\u00bb text_orientation=\u00bbcenter\u00bb custom_padding=\u00bb|19px||19px|false|false\u00bb animation_style=\u00bbfade\u00bb text_font_size_tablet=\u00bb\u00bb text_font_size_phone=\u00bb14px\u00bb text_font_size_last_edited=\u00bbon|phone\u00bb border_radii=\u00bbon|4px|4px|4px|4px\u00bb border_width_all=\u00bb3px\u00bb border_color_all=\u00bb#de6f2d\u00bb global_colors_info=\u00bb{}\u00bb]<\/p>\n<p>&nbsp;<\/p>\n<p>Disminuir la cantidad de residuos que generamos a diario. Antes de adquirir un nuevo producto, es conveniente preguntarse si de verdad es necesario, y de ser as\u00ed, elegir alternativas que produzcan menos residuos.\u00a0<\/p>\n<p>&nbsp;<\/p>\n<p>[\/et_pb_text][\/et_pb_column][et_pb_column type=\u00bb1_4&#8243; _builder_version=\u00bb4.11.2&#8243; _module_preset=\u00bbdefault\u00bb global_colors_info=\u00bb{}\u00bb][et_pb_image src=\u00bbhttps:\/\/ciudaddecorrientes.gov.ar\/reciclandojuntos\/wp-content\/uploads\/2021\/11\/Reutilizar.png\u00bb alt=\u00bbReutilizar\u00bb title_text=\u00bbReutilizar\u00bb _builder_version=\u00bb4.11.3&#8243; _module_preset=\u00bbdefault\u00bb animation_style=\u00bbroll\u00bb global_colors_info=\u00bb{}\u00bb][\/et_pb_image][et_pb_text _builder_version=\u00bb4.11.3&#8243; _module_preset=\u00bbdefault\u00bb text_font=\u00bb||on||||||\u00bb text_text_color=\u00bb#FFFFFF\u00bb text_font_size=\u00bb10px\u00bb text_line_height=\u00bb1.6em\u00bb background_color=\u00bb#475682&#8243; text_orientation=\u00bbcenter\u00bb custom_padding=\u00bb|19px||19px|false|false\u00bb animation_style=\u00bbfade\u00bb text_font_size_tablet=\u00bb\u00bb text_font_size_phone=\u00bb14px\u00bb text_font_size_last_edited=\u00bbon|phone\u00bb border_radii=\u00bbon|4px|4px|4px|4px\u00bb border_width_all=\u00bb3px\u00bb border_color_all=\u00bb#475682&#8243; global_colors_info=\u00bb{}\u00bb]<\/p>\n<p>&nbsp;<\/p>\n<p>&nbsp;<\/p>\n<p>Seguir d\u00e1ndole uso o darle nuevos usos a los productos considerados residuos, prolongando su vida \u00fatil.\u00a0<\/p>\n<p>&nbsp;<\/p>\n<p>&nbsp;<\/p>\n<p>[\/et_pb_text][\/et_pb_column][et_pb_column type=\u00bb1_4&#8243; _builder_version=\u00bb4.11.2&#8243; _module_preset=\u00bbdefault\u00bb global_colors_info=\u00bb{}\u00bb][et_pb_image src=\u00bbhttps:\/\/ciudaddecorrientes.gov.ar\/reciclandojuntos\/wp-content\/uploads\/2021\/11\/Reciclar.png\u00bb alt=\u00bbReciclar\u00bb title_text=\u00bbReciclar\u00bb _builder_version=\u00bb4.11.3&#8243; _module_preset=\u00bbdefault\u00bb animation_style=\u00bbroll\u00bb global_colors_info=\u00bb{}\u00bb][\/et_pb_image][et_pb_text _builder_version=\u00bb4.11.3&#8243; _module_preset=\u00bbdefault\u00bb text_font=\u00bb||on||||||\u00bb text_text_color=\u00bb#FFFFFF\u00bb text_font_size=\u00bb10px\u00bb text_line_height=\u00bb1.6em\u00bb background_color=\u00bb#3f7635&#8243; text_orientation=\u00bbcenter\u00bb custom_padding=\u00bb|19px||19px|false|false\u00bb animation_style=\u00bbfade\u00bb text_font_size_tablet=\u00bb\u00bb text_font_size_phone=\u00bb14px\u00bb text_font_size_last_edited=\u00bbon|phone\u00bb border_radii=\u00bbon|4px|4px|4px|4px\u00bb border_width_all=\u00bb3px\u00bb border_color_all=\u00bb#3f7635&#8243; global_colors_info=\u00bb{}\u00bb]<\/p>\n<p>&nbsp;<\/p>\n<p>Aprovechar los materiales desechados para elaborar nuevos productos, transform\u00e1ndolos en nuevas materias primas. Esto genera un nuevo proceso productivo que reduce el consumo de energ\u00eda de cada elaboraci\u00f3n.\u00a0<\/p>\n<p>&nbsp;<\/p>\n<p>[\/et_pb_text][\/et_pb_column][\/et_pb_row][et_pb_row _builder_version=\u00bb4.11.2&#8243; _module_preset=\u00bbdefault\u00bb custom_padding=\u00bb||0px|||\u00bb global_colors_info=\u00bb{}\u00bb][et_pb_column type=\u00bb4_4&#8243; _builder_version=\u00bb4.11.2&#8243; _module_preset=\u00bbdefault\u00bb global_colors_info=\u00bb{}\u00bb][et_pb_text _builder_version=\u00bb4.11.3&#8243; _module_preset=\u00bbdefault\u00bb text_font=\u00bbRaleway||||||||\u00bb text_font_size=\u00bb17px\u00bb global_colors_info=\u00bb{}\u00bb]<\/p>\n<p>\u00c9ste es el circuito que hacen tus reciclabes:<\/p>\n<p>[\/et_pb_text][\/et_pb_column][\/et_pb_row][et_pb_row _builder_version=\u00bb4.11.3&#8243; _module_preset=\u00bbdefault\u00bb global_colors_info=\u00bb{}\u00bb][et_pb_column type=\u00bb4_4&#8243; _builder_version=\u00bb4.11.3&#8243; _module_preset=\u00bbdefault\u00bb global_colors_info=\u00bb{}\u00bb][et_pb_image src=\u00bbhttps:\/\/ciudaddecorrientes.gov.ar\/reciclandojuntos\/wp-content\/uploads\/2021\/10\/Economia-circular-1.png\u00bb title_text=\u00bbEconom\u00eda-circular\u00bb show_in_lightbox=\u00bbon\u00bb align=\u00bbcenter\u00bb _builder_version=\u00bb4.11.3&#8243; _module_preset=\u00bbdefault\u00bb global_colors_info=\u00bb{}\u00bb][\/et_pb_image][\/et_pb_column][\/et_pb_row][et_pb_row column_structure=\u00bb1_2,1_2&#8243; _builder_version=\u00bb4.11.3&#8243; _module_preset=\u00bbdefault\u00bb global_colors_info=\u00bb{}\u00bb][et_pb_column type=\u00bb1_2&#8243; _builder_version=\u00bb4.11.3&#8243; _module_preset=\u00bbdefault\u00bb global_colors_info=\u00bb{}\u00bb][et_pb_video src=\u00bbhttps:\/\/ciudaddecorrientes.gov.ar\/reciclandojuntos\/wp-content\/uploads\/2021\/10\/Video-de-las-R-1080&#215;1350-2.mp4&#8243; _builder_version=\u00bb4.11.3&#8243; _module_preset=\u00bbdefault\u00bb global_colors_info=\u00bb{}\u00bb][\/et_pb_video][\/et_pb_column][et_pb_column type=\u00bb1_2&#8243; _builder_version=\u00bb4.11.3&#8243; _module_preset=\u00bbdefault\u00bb global_colors_info=\u00bb{}\u00bb][et_pb_video src=\u00bbhttps:\/\/ciudaddecorrientes.gov.ar\/reciclandojuntos\/wp-content\/uploads\/2021\/10\/Hace-tu-parte.mp4&#8243; _builder_version=\u00bb4.11.3&#8243; _module_preset=\u00bbdefault\u00bb global_colors_info=\u00bb{}\u00bb][\/et_pb_video][\/et_pb_column][\/et_pb_row][et_pb_row _builder_version=\u00bb4.11.3&#8243; _module_preset=\u00bbdefault\u00bb global_colors_info=\u00bb{}\u00bb][et_pb_column type=\u00bb4_4&#8243; _builder_version=\u00bb4.11.3&#8243; _module_preset=\u00bbdefault\u00bb global_colors_info=\u00bb{}\u00bb][et_pb_text _builder_version=\u00bb4.11.3&#8243; _dynamic_attributes=\u00bblink_option_url\u00bb _module_preset=\u00bbdefault\u00bb text_font=\u00bbRaleway||||||||\u00bb text_font_size=\u00bb17px\u00bb link_option_url=\u00bb@ET-DC@eyJkeW5hbWljIjp0cnVlLCJjb250ZW50IjoiaG9tZV91cmwiLCJzZXR0aW5ncyI6e319@\u00bb global_colors_info=\u00bb{}\u00bb]<\/p>\n<p style=\"text-align: center;\"><span style=\"text-decoration: underline;\"><strong>Volver<\/strong><\/span><\/p>\n<p>[\/et_pb_text][\/et_pb_column][\/et_pb_row][et_pb_row column_structure=\u00bb1_5,1_5,1_5,1_5,1_5&#8243; disabled_on=\u00bboff|on|on\u00bb _builder_version=\u00bb4.11.3&#8243; _module_preset=\u00bbdefault\u00bb background_color=\u00bb#bfdfce\u00bb width_tablet=\u00bb\u00bb width_phone=\u00bb95%\u00bb width_last_edited=\u00bbon|phone\u00bb custom_padding=\u00bb|31px||31px|false|false\u00bb global_module=\u00bb962&#8243; saved_tabs=\u00bball\u00bb global_colors_info=\u00bb{}\u00bb][et_pb_column type=\u00bb1_5&#8243; module_class=\u00bbtrescolumnas\u00bb _builder_version=\u00bb4.11.2&#8243; _module_preset=\u00bbdefault\u00bb global_colors_info=\u00bb{}\u00bb][et_pb_image src=\u00bbhttps:\/\/ciudaddecorrientes.gov.ar\/reciclandojuntos\/wp-content\/uploads\/2021\/10\/Tus-residuos.png\u00bb title_text=\u00bbTus residuos\u00bb url=\u00bb@ET-DC@eyJkeW5hbWljIjp0cnVlLCJjb250ZW50IjoicG9zdF9saW5rX3VybF9wYWdlIiwic2V0dGluZ3MiOnsicG9zdF9pZCI6IjY3MyJ9fQ==@\u00bb show_bottom_space_tablet=\u00bb\u00bb show_bottom_space_phone=\u00bboff\u00bb show_bottom_space_last_edited=\u00bbon|phone\u00bb module_id=\u00bbmyButton\u00bb _builder_version=\u00bb4.11.3&#8243; _dynamic_attributes=\u00bburl\u00bb _module_preset=\u00bbdefault\u00bb animation_style=\u00bbroll\u00bb background_last_edited=\u00bbon|desktop\u00bb animation_duration_last_edited=\u00bboff|desktop\u00bb animation_speed_curve_last_edited=\u00bboff|desktop\u00bb animation_repeat_last_edited=\u00bboff|desktop\u00bb global_colors_info=\u00bb{}\u00bb background__hover_enabled=\u00bboff|desktop\u00bb background_enable_color__hover=\u00bboff\u00bb][\/et_pb_image][et_pb_text _builder_version=\u00bb4.11.2&#8243; _module_preset=\u00bbdefault\u00bb text_font=\u00bbRaleway|500|||||||\u00bb text_font_size=\u00bb22px\u00bb text_orientation=\u00bbcenter\u00bb text_font_size_tablet=\u00bb\u00bb text_font_size_phone=\u00bb13px\u00bb text_font_size_last_edited=\u00bbon|desktop\u00bb global_colors_info=\u00bb{}\u00bb]<\/p>\n<p>Tus Residuos<\/p>\n<p>[\/et_pb_text][\/et_pb_column][et_pb_column type=\u00bb1_5&#8243; module_class=\u00bbtrescolumnas\u00bb _builder_version=\u00bb4.11.2&#8243; _module_preset=\u00bbdefault\u00bb global_colors_info=\u00bb{}\u00bb][et_pb_image src=\u00bbhttps:\/\/ciudaddecorrientes.gov.ar\/reciclandojuntos\/wp-content\/uploads\/2021\/10\/Puntos-verdes.png\u00bb title_text=\u00bbPuntos-verdes\u00bb url=\u00bb@ET-DC@eyJkeW5hbWljIjp0cnVlLCJjb250ZW50IjoicG9zdF9saW5rX3VybF9wYWdlIiwic2V0dGluZ3MiOnsicG9zdF9pZCI6IjY4NyJ9fQ==@\u00bb show_bottom_space=\u00bboff\u00bb _builder_version=\u00bb4.11.3&#8243; _dynamic_attributes=\u00bburl\u00bb _module_preset=\u00bbdefault\u00bb animation_style=\u00bbroll\u00bb global_colors_info=\u00bb{}\u00bb][\/et_pb_image][et_pb_text _builder_version=\u00bb4.11.2&#8243; _module_preset=\u00bbdefault\u00bb text_font=\u00bbRaleway|500|||||||\u00bb text_font_size=\u00bb22px\u00bb text_orientation=\u00bbcenter\u00bb text_font_size_tablet=\u00bb\u00bb text_font_size_phone=\u00bb12px\u00bb text_font_size_last_edited=\u00bbon|desktop\u00bb global_colors_info=\u00bb{}\u00bb]<\/p>\n<p>Puntos Verdes<\/p>\n<p>[\/et_pb_text][\/et_pb_column][et_pb_column type=\u00bb1_5&#8243; module_class=\u00bbtrescolumnas\u00bb _builder_version=\u00bb4.11.2&#8243; _module_preset=\u00bbdefault\u00bb global_colors_info=\u00bb{}\u00bb][et_pb_image src=\u00bbhttps:\/\/ciudaddecorrientes.gov.ar\/reciclandojuntos\/wp-content\/uploads\/2021\/10\/Eco-trueque.png\u00bb title_text=\u00bbEco-trueque\u00bb url=\u00bb@ET-DC@eyJkeW5hbWljIjp0cnVlLCJjb250ZW50IjoicG9zdF9saW5rX3VybF9wYWdlIiwic2V0dGluZ3MiOnsicG9zdF9pZCI6Ijc0MCJ9fQ==@\u00bb show_bottom_space=\u00bboff\u00bb _builder_version=\u00bb4.11.3&#8243; _dynamic_attributes=\u00bburl\u00bb _module_preset=\u00bbdefault\u00bb animation_style=\u00bbroll\u00bb global_colors_info=\u00bb{}\u00bb][\/et_pb_image][et_pb_text _builder_version=\u00bb4.11.2&#8243; _module_preset=\u00bbdefault\u00bb text_font=\u00bbRaleway|500|||||||\u00bb text_font_size=\u00bb22px\u00bb text_orientation=\u00bbcenter\u00bb text_font_size_tablet=\u00bb\u00bb text_font_size_phone=\u00bb14px\u00bb text_font_size_last_edited=\u00bbon|desktop\u00bb global_colors_info=\u00bb{}\u00bb]<\/p>\n<p>EcoTrueque<\/p>\n<p>[\/et_pb_text][et_pb_code _builder_version=\u00bb4.11.2&#8243; _module_preset=\u00bbdefault\u00bb global_colors_info=\u00bb{}\u00bb] <\/p>\n<style>.doscolumnas {<!-- [et_pb_line_break_holder] -->display: inline-block; <!-- [et_pb_line_break_holder] -->max-width :50%;<!-- [et_pb_line_break_holder] -->} <!-- [et_pb_line_break_holder] --><\/style>\n<p><!-- [et_pb_line_break_holder] --><\/p>\n<style>.trescolumnas {<!-- [et_pb_line_break_holder] -->display: inline-block; <!-- [et_pb_line_break_holder] -->max-width :33.33%;<!-- [et_pb_line_break_holder] -->} <\/style>\n<p>[\/et_pb_code][\/et_pb_column][et_pb_column type=\u00bb1_5&#8243; module_class=\u00bbtrescolumnas\u00bb _builder_version=\u00bb4.11.2&#8243; _module_preset=\u00bbdefault\u00bb global_colors_info=\u00bb{}\u00bb][et_pb_image src=\u00bbhttps:\/\/ciudaddecorrientes.gov.ar\/reciclandojuntos\/wp-content\/uploads\/2021\/10\/Economia-circular.png\u00bb title_text=\u00bbEconom\u00eda-circular\u00bb url=\u00bb@ET-DC@eyJkeW5hbWljIjp0cnVlLCJjb250ZW50IjoicG9zdF9saW5rX3VybF9wYWdlIiwic2V0dGluZ3MiOnsicG9zdF9pZCI6Ijc2NiJ9fQ==@\u00bb show_bottom_space=\u00bboff\u00bb _builder_version=\u00bb4.11.3&#8243; _dynamic_attributes=\u00bburl\u00bb _module_preset=\u00bbdefault\u00bb animation_style=\u00bbroll\u00bb global_colors_info=\u00bb{}\u00bb][\/et_pb_image][et_pb_text _builder_version=\u00bb4.11.2&#8243; _module_preset=\u00bbdefault\u00bb text_font=\u00bbRaleway|500|||||||\u00bb text_font_size=\u00bb22px\u00bb text_orientation=\u00bbcenter\u00bb text_font_size_tablet=\u00bb\u00bb text_font_size_phone=\u00bb15px\u00bb text_font_size_last_edited=\u00bbon|desktop\u00bb global_colors_info=\u00bb{}\u00bb]<\/p>\n<p>Econom\u00eda Circular<\/p>\n<p>[\/et_pb_text][\/et_pb_column][et_pb_column type=\u00bb1_5&#8243; module_class=\u00bbtrescolumnas\u00bb _builder_version=\u00bb4.11.3&#8243; _module_preset=\u00bbdefault\u00bb global_colors_info=\u00bb{}\u00bb][et_pb_image src=\u00bbhttps:\/\/ciudaddecorrientes.gov.ar\/reciclandojuntos\/wp-content\/uploads\/2021\/10\/Descacharrado.png\u00bb title_text=\u00bbDescacharrado\u00bb url=\u00bb@ET-DC@eyJkeW5hbWljIjp0cnVlLCJjb250ZW50IjoicG9zdF9saW5rX3VybF9wYWdlIiwic2V0dGluZ3MiOnsicG9zdF9pZCI6Ijc3MSJ9fQ==@\u00bb show_bottom_space=\u00bboff\u00bb _builder_version=\u00bb4.11.3&#8243; _dynamic_attributes=\u00bburl\u00bb _module_preset=\u00bbdefault\u00bb animation_style=\u00bbroll\u00bb global_colors_info=\u00bb{}\u00bb][\/et_pb_image][et_pb_text _builder_version=\u00bb4.11.2&#8243; _module_preset=\u00bbdefault\u00bb text_font=\u00bbRaleway|500|||||||\u00bb text_font_size=\u00bb22px\u00bb text_orientation=\u00bbcenter\u00bb text_font_size_tablet=\u00bb\u00bb text_font_size_phone=\u00bb15px\u00bb text_font_size_last_edited=\u00bbon|desktop\u00bb global_colors_info=\u00bb{}\u00bb]<\/p>\n<p>Descacharrado<\/p>\n<p>[\/et_pb_text][\/et_pb_column][\/et_pb_row][\/et_pb_section]<\/p>\n","protected":false},"excerpt":{"rendered":"<p>Ciudad SustentableEconom\u00eda Circular \u00bfQu\u00e9 podemos hacer por nuestra ciudad? &nbsp; Evitar la compra de productos innecesarios o con envoltorios pl\u00e1sticos descartables. La intenci\u00f3n es RECHAZAR su uso y sustituirlos por otros, m\u00e1s respetuosos con el ambiente. &nbsp;&nbsp; Disminuir la cantidad de residuos que generamos a diario. Antes de adquirir un nuevo producto, es conveniente preguntarse [&hellip;]<\/p>\n","protected":false},"author":1,"featured_media":0,"parent":0,"menu_order":0,"comment_status":"closed","ping_status":"closed","template":"","meta":{"_et_pb_use_builder":"on","_et_pb_old_content":"","_et_gb_content_width":"","footnotes":""},"class_list":["post-766","page","type-page","status-publish","hentry"],"_links":{"self":[{"href":"https:\/\/ciudaddecorrientes.gov.ar\/reciclandojuntos\/wp-json\/wp\/v2\/pages\/766","targetHints":{"allow":["GET"]}}],"collection":[{"href":"https:\/\/ciudaddecorrientes.gov.ar\/reciclandojuntos\/wp-json\/wp\/v2\/pages"}],"about":[{"href":"https:\/\/ciudaddecorrientes.gov.ar\/reciclandojuntos\/wp-json\/wp\/v2\/types\/page"}],"author":[{"embeddable":true,"href":"https:\/\/ciudaddecorrientes.gov.ar\/reciclandojuntos\/wp-json\/wp\/v2\/users\/1"}],"replies":[{"embeddable":true,"href":"https:\/\/ciudaddecorrientes.gov.ar\/reciclandojuntos\/wp-json\/wp\/v2\/comments?post=766"}],"version-history":[{"count":11,"href":"https:\/\/ciudaddecorrientes.gov.ar\/reciclandojuntos\/wp-json\/wp\/v2\/pages\/766\/revisions"}],"predecessor-version":[{"id":1016,"href":"https:\/\/ciudaddecorrientes.gov.ar\/reciclandojuntos\/wp-json\/wp\/v2\/pages\/766\/revisions\/1016"}],"wp:attachment":[{"href":"https:\/\/ciudaddecorrientes.gov.ar\/reciclandojuntos\/wp-json\/wp\/v2\/media?parent=766"}],"curies":[{"name":"wp","href":"https:\/\/api.w.org\/{rel}","templated":true}]}}